{"id":10,"date":"2023-10-26T08:01:54","date_gmt":"2023-10-26T08:01:54","guid":{"rendered":"https:\/\/www.alwacvision.com\/?page_id=10"},"modified":"2025-04-15T12:59:17","modified_gmt":"2025-04-15T12:59:17","slug":"uvod","status":"publish","type":"page","link":"https:\/\/www.alwacvision.com\/","title":{"rendered":"\u00davod"},"content":{"rendered":"<p>[et_pb_section fb_built=&#8220;1&#8243; _builder_version=&#8220;4.23&#8243; _module_preset=&#8220;default&#8220; use_background_color_gradient=&#8220;on&#8220; background_color_gradient_type=&#8220;circular&#8220; background_color_gradient_stops=&#8220;#ffffff 25%|rgba(216,216,216,0.92) 100%&#8220; background_image=&#8220;http:\/\/www.alwacvision.com\/wp-content\/uploads\/2023\/10\/pozadiav.png&#8220; background_blend=&#8220;overlay&#8220; global_colors_info=&#8220;{}&#8220;][et_pb_row _builder_version=&#8220;4.23&#8243; _module_preset=&#8220;default&#8220; custom_margin=&#8220;60px|auto||auto||&#8220; custom_margin_tablet=&#8220;60px|auto||auto||&#8220; custom_margin_phone=&#8220;120px|auto||auto|false|false&#8220; custom_margin_last_edited=&#8220;on|phone&#8220; custom_padding=&#8220;80px||82px|||&#8220; global_colors_info=&#8220;{}&#8220;][et_pb_column type=&#8220;4_4&#8243; _builder_version=&#8220;4.23&#8243; _module_preset=&#8220;default&#8220; global_colors_info=&#8220;{}&#8220;][et_pb_image src=&#8220;http:\/\/www.alwacvision.com\/wp-content\/uploads\/2023\/10\/Logoalwacvision.png&#8220; title_text=&#8220;Logoalwacvision&#8220; url=&#8220;#O-nas&#8220; _builder_version=&#8220;4.23&#8243; _module_preset=&#8220;default&#8220; transform_scale=&#8220;95%|95%&#8220; animation_style=&#8220;fade&#8220; animation_duration=&#8220;3000ms&#8220; hover_enabled=&#8220;0&#8243; global_colors_info=&#8220;{}&#8220; transform_styles__hover_enabled=&#8220;on|hover&#8220; transform_scale__hover_enabled=&#8220;on|hover&#8220; transform_translate__hover_enabled=&#8220;on|desktop&#8220; transform_rotate__hover_enabled=&#8220;on|desktop&#8220; transform_skew__hover_enabled=&#8220;on|desktop&#8220; transform_origin__hover_enabled=&#8220;on|desktop&#8220; transform_scale__hover=&#8220;100%|100%&#8220; sticky_enabled=&#8220;0&#8243;][\/et_pb_image][\/et_pb_column][\/et_pb_row][et_pb_row _builder_version=&#8220;4.23&#8243; _module_preset=&#8220;default&#8220; min_height=&#8220;223px&#8220; custom_margin=&#8220;103px|auto|46px|auto||&#8220; custom_padding=&#8220;140px|||||&#8220; global_colors_info=&#8220;{}&#8220;][et_pb_column type=&#8220;4_4&#8243; _builder_version=&#8220;4.23&#8243; _module_preset=&#8220;default&#8220; global_colors_info=&#8220;{}&#8220;][et_pb_text module_id=&#8220;O-nas&#8220; _builder_version=&#8220;4.23&#8243; _module_preset=&#8220;default&#8220; text_font=&#8220;Titillium Web|600|||||||&#8220; text_text_color=&#8220;rgba(0,0,0,0.7)&#8220; text_font_size=&#8220;32px&#8220; text_line_height=&#8220;1.9em&#8220; custom_margin=&#8220;||136px|||&#8220; global_colors_info=&#8220;{}&#8220;]<\/p>\n<p style=\"text-align: center;\">Jsme po\u0159adateli a organiz\u00e1tory spole\u010densk\u00fdch akc\u00ed, semin\u00e1\u0159\u016f a konferenc\u00ed.<\/p>\n<p>[\/et_pb_text][\/et_pb_column][\/et_pb_row][et_pb_row column_structure=&#8220;1_2,1_2&#8243; _builder_version=&#8220;4.23&#8243; _module_preset=&#8220;default&#8220; custom_margin=&#8220;5px|auto|32px|auto||&#8220; global_colors_info=&#8220;{}&#8220;][et_pb_column type=&#8220;1_2&#8243; _builder_version=&#8220;4.23&#8243; _module_preset=&#8220;default&#8220; global_colors_info=&#8220;{}&#8220;][et_pb_blurb title=&#8220;+420 603 891 797&#8243; use_icon=&#8220;on&#8220; font_icon=&#8220;&#xf095;||fa||900&#8243; icon_color=&#8220;#00788b&#8220; icon_placement=&#8220;left&#8220; image_icon_width=&#8220;25px&#8220; _builder_version=&#8220;4.23&#8243; _module_preset=&#8220;default&#8220; header_level=&#8220;h2&#8243; header_font=&#8220;Titillium Web|600|||||||&#8220; header_font_size=&#8220;26px&#8220; custom_padding=&#8220;0px|||||&#8220; global_colors_info=&#8220;{}&#8220;][\/et_pb_blurb][et_pb_blurb title=&#8220;B\u00edlinsk\u00e1 3159\/10, 415 01 Teplice&#8220; url=&#8220;https:\/\/www.google.com\/maps\/place\/Alwac,+A.s.\/@50.6328626,13.8202518,18z\/data=!4m6!3m5!1s0x47098e969fdb7be5:0xc60aa2074afe4497!8m2!3d50.6330422!4d13.819658!16s%2Fg%2F1pxwbgnrt?entry=ttu&#8220; use_icon=&#8220;on&#8220; font_icon=&#8220;&#xf3c5;||fa||900&#8243; icon_color=&#8220;#00788b&#8220; icon_placement=&#8220;left&#8220; image_icon_width=&#8220;25px&#8220; _builder_version=&#8220;4.23&#8243; _module_preset=&#8220;default&#8220; header_level=&#8220;h2&#8243; header_font=&#8220;Titillium Web|600|||||||&#8220; header_font_size=&#8220;26px&#8220; global_colors_info=&#8220;{}&#8220;][\/et_pb_blurb][et_pb_blurb title=&#8220;info@alwacvision.cz&#8220; url=&#8220;mailto:alwacvision@info.cz&#8220; use_icon=&#8220;on&#8220; font_icon=&#8220;&#xf1fa;||fa||900&#8243; icon_color=&#8220;#00788b&#8220; icon_placement=&#8220;left&#8220; image_icon_width=&#8220;25px&#8220; _builder_version=&#8220;4.23&#8243; _module_preset=&#8220;default&#8220; header_level=&#8220;h2&#8243; header_font=&#8220;Titillium Web|600|||||||&#8220; header_font_size=&#8220;26px&#8220; global_colors_info=&#8220;{}&#8220;][\/et_pb_blurb][\/et_pb_column][et_pb_column type=&#8220;1_2&#8243; _builder_version=&#8220;4.23&#8243; _module_preset=&#8220;default&#8220; global_colors_info=&#8220;{}&#8220;][et_pb_blurb title=&#8220;I\u010c: 06361072 &#8220; use_icon=&#8220;on&#8220; font_icon=&#8220;&#xe07b;||divi||400&#8243; icon_color=&#8220;#00788b&#8220; icon_placement=&#8220;left&#8220; image_icon_width=&#8220;25px&#8220; _builder_version=&#8220;4.23&#8243; _module_preset=&#8220;default&#8220; header_level=&#8220;h2&#8243; header_font=&#8220;Titillium Web|600|||||||&#8220; header_font_size=&#8220;26px&#8220; global_colors_info=&#8220;{}&#8220;][\/et_pb_blurb][et_pb_blurb title=&#8220;DI\u010c: CZ06361072 &#8220; use_icon=&#8220;on&#8220; font_icon=&#8220;&#xe07b;||divi||400&#8243; icon_color=&#8220;#00788b&#8220; icon_placement=&#8220;left&#8220; image_icon_width=&#8220;25px&#8220; _builder_version=&#8220;4.23&#8243; _module_preset=&#8220;default&#8220; header_level=&#8220;h2&#8243; header_font=&#8220;Titillium Web|600|||||||&#8220; header_font_size=&#8220;26px&#8220; global_colors_info=&#8220;{}&#8220;][\/et_pb_blurb][et_pb_blurb title=&#8220;www.alwac.cz&#8220; url=&#8220;http:\/\/www.alwac.cz&#8220; use_icon=&#8220;on&#8220; font_icon=&#8220;&#xf0ac;||fa||900&#8243; icon_color=&#8220;#00788b&#8220; icon_placement=&#8220;left&#8220; image_icon_width=&#8220;25px&#8220; _builder_version=&#8220;4.23&#8243; _module_preset=&#8220;default&#8220; header_level=&#8220;h2&#8243; header_font=&#8220;Titillium Web|600|||||||&#8220; header_font_size=&#8220;26px&#8220; global_colors_info=&#8220;{}&#8220;][\/et_pb_blurb][\/et_pb_column][\/et_pb_row][\/et_pb_section]<\/p>\n","protected":false},"excerpt":{"rendered":"<p>Jsme po\u0159adateli a organiz\u00e1tory spole\u010densk\u00fdch akc\u00ed, semin\u00e1\u0159\u016f a konferenc\u00ed.<\/p>\n","protected":false},"author":1,"featured_media":0,"parent":0,"menu_order":0,"comment_status":"closed","ping_status":"closed","template":"","meta":{"_et_pb_use_builder":"on","_et_pb_old_content":"","_et_gb_content_width":"","footnotes":""},"class_list":["post-10","page","type-page","status-publish","hentry"],"_links":{"self":[{"href":"https:\/\/www.alwacvision.com\/index.php?rest_route=\/wp\/v2\/pages\/10","targetHints":{"allow":["GET"]}}],"collection":[{"href":"https:\/\/www.alwacvision.com\/index.php?rest_route=\/wp\/v2\/pages"}],"about":[{"href":"https:\/\/www.alwacvision.com\/index.php?rest_route=\/wp\/v2\/types\/page"}],"author":[{"embeddable":true,"href":"https:\/\/www.alwacvision.com\/index.php?rest_route=\/wp\/v2\/users\/1"}],"replies":[{"embeddable":true,"href":"https:\/\/www.alwacvision.com\/index.php?rest_route=%2Fwp%2Fv2%2Fcomments&post=10"}],"version-history":[{"count":22,"href":"https:\/\/www.alwacvision.com\/index.php?rest_route=\/wp\/v2\/pages\/10\/revisions"}],"predecessor-version":[{"id":72,"href":"https:\/\/www.alwacvision.com\/index.php?rest_route=\/wp\/v2\/pages\/10\/revisions\/72"}],"wp:attachment":[{"href":"https:\/\/www.alwacvision.com\/index.php?rest_route=%2Fwp%2Fv2%2Fmedia&parent=10"}],"curies":[{"name":"wp","href":"https:\/\/api.w.org\/{rel}","templated":true}]}}